{"id":587,"date":"2025-06-20T13:19:55","date_gmt":"2025-06-20T13:19:55","guid":{"rendered":"https:\/\/eric-nhmh.dev.nmcteam.com\/?page_id=587"},"modified":"2025-10-14T17:55:34","modified_gmt":"2025-10-14T17:55:34","slug":"sobre","status":"publish","type":"page","link":"https:\/\/helprightherenhc.org\/pt\/about","title":{"rendered":"Sobre"},"content":{"rendered":"<div id=\"block_a4099ffd7eec00d2a8c0a131754cb37d\" class=\"nmc-block nmc-block--masthead-basic block-container alignfull\">\n\t\n\t\t\n\t\t\t<div class=\"blockbody\">\n\t\t\t\t\n\t<div class=\"spotlight-bg\">\n\t\t<img fetchpriority=\"high\" decoding=\"async\" src=\"https:\/\/e1.nmcdn.io\/assets\/nhmh\/wp-content\/themes\/nmc_nhmh\/assets\/masthead-spotlight.svg\" width=\"1440\" height=\"822\" alt=\"gr\u00e1fico de fundo de holofotes\" loading=\"eager\">\n\t<\/div>\n\n<div class=\"bound boundwider\">\n\t<div class=\"masthead-content -center\">\n\t\t\t\t<h1 class=\"page-title\"><strong>Ajuda<\/strong>, <strong>Esperan\u00e7a<\/strong>e <strong>Cura<\/strong>, bem aqui no condado de New Hanover<\/h1>\n\t\t<div class=\"page-intro\"><p class=\"p2\">Os desafios relacionados \u00e0 sa\u00fade mental e ao uso de subst\u00e2ncias afetam vidas em toda a nossa comunidade. Quase todo mundo conhece algu\u00e9m que est\u00e1 passando por dificuldades - ou que j\u00e1 passou por elas. No entanto, obter ajuda pode parecer confuso, esmagador ou fora de alcance. A Help Right Here est\u00e1 empenhada em mudar isso.<\/p>\n<p class=\"p2\">Ao conectar a comunidade do Condado de New Hanover a uma rede confi\u00e1vel de mais de 65 prestadores de servi\u00e7os locais e parceiros comunit\u00e1rios, estamos garantindo que a ajuda para sa\u00fade mental e transtornos por uso de subst\u00e2ncias seja simples de encontrar, f\u00e1cil de entender e adaptada para apoiar a sa\u00fade e o bem-estar sustent\u00e1veis.<\/p>\n<\/div>\t\t\n\n\t\t\t\t\t<div class=\"anchors\">\n\t\t\t\t\t\t\t\t\t<a href=\"#mission-vision\" class=\"anchor btn -text\">Sobre a Help Right Here <svg xmlns=\"http:\/\/www.w3.org\/2000\/svg\" width=\"21\" height=\"20\" viewbox=\"0 0 21 20\" fill=\"none\" role=\"img\" aria-hidden=\"true\" focusable=\"false\"><mask id=\"a\" style=\"mask-type:alpha\" maskunits=\"userSpaceOnUse\" x=\"0\" y=\"0\" width=\"21\" height=\"20\"><path transform=\"rotate(90 20.5 0)\" fill=\"#007AA3\" d=\"M20.5 0h20v20h-20z\"\/><\/mask><g mask=\"url(#a)\"><path d=\"M3.833 4.167h10v9.312l2.98-3L18 11.667l-5 5-5.02-5.021 1.187-1.167 3 3V5.833H3.833V4.167Z\" fill=\"#002E3D\"\/><\/g><\/svg><\/a>\n\t\t\t\t\t\t\t\t\t<a href=\"#why\" class=\"anchor btn -text\">Por que isso \u00e9 importante <svg xmlns=\"http:\/\/www.w3.org\/2000\/svg\" width=\"21\" height=\"20\" viewbox=\"0 0 21 20\" fill=\"none\" role=\"img\" aria-hidden=\"true\" focusable=\"false\"><mask id=\"a\" style=\"mask-type:alpha\" maskunits=\"userSpaceOnUse\" x=\"0\" y=\"0\" width=\"21\" height=\"20\"><path transform=\"rotate(90 20.5 0)\" fill=\"#007AA3\" d=\"M20.5 0h20v20h-20z\"\/><\/mask><g mask=\"url(#a)\"><path d=\"M3.833 4.167h10v9.312l2.98-3L18 11.667l-5 5-5.02-5.021 1.187-1.167 3 3V5.833H3.833V4.167Z\" fill=\"#002E3D\"\/><\/g><\/svg><\/a>\n\t\t\t\t\t\t\t\t\t<a href=\"#started\" class=\"anchor btn -text\">Como isso come\u00e7ou <svg xmlns=\"http:\/\/www.w3.org\/2000\/svg\" width=\"21\" height=\"20\" viewbox=\"0 0 21 20\" fill=\"none\" role=\"img\" aria-hidden=\"true\" focusable=\"false\"><mask id=\"a\" style=\"mask-type:alpha\" maskunits=\"userSpaceOnUse\" x=\"0\" y=\"0\" width=\"21\" height=\"20\"><path transform=\"rotate(90 20.5 0)\" fill=\"#007AA3\" d=\"M20.5 0h20v20h-20z\"\/><\/mask><g mask=\"url(#a)\"><path d=\"M3.833 4.167h10v9.312l2.98-3L18 11.667l-5 5-5.02-5.021 1.187-1.167 3 3V5.833H3.833V4.167Z\" fill=\"#002E3D\"\/><\/g><\/svg><\/a>\n\t\t\t\t\t\t\t<\/div>\n\t\t\t<\/div>\n<\/div>\n\n\t\t\t<\/div>\n\n\t\t\t\t\n\t<\/div>\n\n\n\n\n\n\t\n\n\t\t\t\t\t\t\t\n\t\n<div id=\"mission-vision\" class=\"nmc-block nmc-block--split block-container alignwide  -align-center\">\n\t\n\t\t\n\t\t\t<div class=\"blockbody\">\n\t\t\t\t\t\n\n<div class=\"split-half\">\n\t<div class=\"split-half-content\">\n\t\t\n\n<div class=\"split-half-image\">\n\n\n\t\n<picture>\n\t<source media=\"(max-width: 400px)\" srcset=\"https:\/\/e1.nmcdn.io\/assets\/nhmh\/wp-content\/uploads\/2025\/07\/iStock-1151304094-540x303.webp\">\n\t<img decoding=\"async\" loading=\"lazy\" style=\"aspect-ratio: 1;\" src=\"https:\/\/e1.nmcdn.io\/assets\/nhmh\/wp-content\/uploads\/2025\/07\/iStock-1151304094-900x506.webp\" width=\"900\" height=\"506\" alt=\"\">\n<\/picture>\n<\/div>\n\n\t<\/div>\n<\/div>\n\n\n<div class=\"split-half\">\n\t<div class=\"split-half-content\">\n\t\t\n\n<h2 class=\"wp-block-heading\"><strong>SOBRE<\/strong> Ajuda aqui mesmo<\/h2>\n\n\n\n<p>O Help Right Here conecta as pessoas \u00e0 ajuda local que realmente funciona.<\/p>\n\n\n\n<p><\/p>\n\n\n\n<p>O foco est\u00e1 em:<\/p>\n\n\n\n<ul class=\"wp-block-list\">\n<li>Simplifica\u00e7\u00e3o do acesso ao atendimento. <\/li>\n\n\n\n<li>Educar e capacitar nossa comunidade. <\/li>\n\n\n\n<li>Apoiar a recupera\u00e7\u00e3o a longo prazo. <\/li>\n<\/ul>\n\n\t<\/div>\n<\/div>\n\n\t\t\t<\/div>\n\n\t\t\t\t\n\t<\/div>\n\n\n\n\t\n\n\t\t\t\t\t\t\t\n\n<div id=\"why\" class=\"nmc-block nmc-block--impact block-container alignfull\">\n\t\n\t\t\n\t\t\t<div class=\"blockbody\">\n\t\t\t\t\t<div class=\"bound boundwider\">\n\n\n\t\t<div class=\"block-intro\">\n\t\t\t<h2 class=\"block-title\">Por que isso <strong>Assuntos<\/strong><\/h2>\n\t\t\t\t\t\t\t<p class=\"p1\">A crise de sa\u00fade mental e de transtorno por uso de subst\u00e2ncias afeta todas as partes do nosso pa\u00eds, e o Condado de New Hanover n\u00e3o \u00e9 exce\u00e7\u00e3o. A necessidade \u00e9 real, urgente e pr\u00f3xima de casa:<\/p>\n\n\t\t\t\t\t<\/div>\n\n\t\t<div class=\"impact-wrap\">\n\t\t\t\t\t\t\t<div class=\"impact-stat-partial\">\n\t\t\t\t\t<div class=\"content\">\n\t\t\t\t\t\t<h2 class=\"item-title\">Simplifica\u00e7\u00e3o do acesso ao atendimento<\/h2>\n\t\t\t\t\t\t<div class=\"item-intro\">O Help Right Here conecta a comunidade do Condado de New Hanover aos recursos e reduz as barreiras ao atendimento, para que mais pessoas possam obter a ajuda certa quando e onde precisarem. E se desafios como alimenta\u00e7\u00e3o, moradia ou finan\u00e7as estiverem no caminho, voc\u00ea tamb\u00e9m encontrar\u00e1 recursos para isso.  <\/div>\n\t\t\t\t\t<\/div>\n\t\t\t\t\t<div class=\"stat-wrap\">\n\t\t\t\t\t\t<h2 class=\"stat\">1 em 5<\/h2>\n\t\t\t\t\t\t<div class=\"stat-description\">Adultos dos EUA vivem com um problema de sa\u00fade mental, mas menos da metade recebe o atendimento de que precisa. (Fonte: National Alliance on Mental Illness)<\/div>\n\t\t\t\t\t<\/div>\n\t\t\t\t<\/div>\n\t\t\t\t\t\t\t<div class=\"impact-stat-partial\">\n\t\t\t\t\t<div class=\"content\">\n\t\t\t\t\t\t<h2 class=\"item-title\">Educar e capacitar nossa comunidade<\/h2>\n\t\t\t\t\t\t<div class=\"item-intro\">O Help Right Here fornece informa\u00e7\u00f5es claras e compassivas sobre desafios relacionados \u00e0 sa\u00fade mental e ao uso de subst\u00e2ncias: por que eles acontecem, como \u00e9 a ajuda e como encontrar o apoio certo.  <\/div>\n\t\t\t\t\t<\/div>\n\t\t\t\t\t<div class=\"stat-wrap\">\n\t\t\t\t\t\t<h2 class=\"stat\">1 em 8 <\/h2>\n\t\t\t\t\t\t<div class=\"stat-description\">Os habitantes da Carolina do Norte com 12 anos ou mais vivem com transtorno por uso de subst\u00e2ncias - e a maioria n\u00e3o recebe tratamento. (Fonte: SAMHSA)<\/div>\n\t\t\t\t\t<\/div>\n\t\t\t\t<\/div>\n\t\t\t\t\t\t\t<div class=\"impact-stat-partial\">\n\t\t\t\t\t<div class=\"content\">\n\t\t\t\t\t\t<h2 class=\"item-title\">Apoio \u00e0 recupera\u00e7\u00e3o em longo prazo<\/h2>\n\t\t\t\t\t\t<div class=\"item-intro\">A Help Right Here trabalha em parceria com prestadores de cuidados locais e parceiros da comunidade para oferecer uma ampla gama de servi\u00e7os, atendendo a cada pessoa no ponto em que ela se encontra em seu caminho exclusivo.  <\/div>\n\t\t\t\t\t<\/div>\n\t\t\t\t\t<div class=\"stat-wrap\">\n\t\t\t\t\t\t<h2 class=\"stat\">2\u00aa causa principal<\/h2>\n\t\t\t\t\t\t<div class=\"stat-description\">O suic\u00eddio \u00e9 agora a segunda principal causa de morte de jovens de 10 a 18 anos na Carolina do Norte. (Fonte: NCDHHS)<\/div>\n\t\t\t\t\t<\/div>\n\t\t\t\t<\/div>\n\t\t\t\t\t\t\t<div class=\"impact-stat-partial\">\n\t\t\t\t\t<div class=\"content\">\n\t\t\t\t\t\t<h2 class=\"item-title\">N\u00e3o se trata apenas de n\u00fameros<\/h2>\n\t\t\t\t\t\t<div class=\"item-intro\">Eles s\u00e3o nossos vizinhos, amigos e entes queridos que precisam de ajuda e, muitas vezes, ficam sem ela. A Help Right Here existe para mudar isso.<\/div>\n\t\t\t\t\t<\/div>\n\t\t\t\t\t<div class=\"stat-wrap\">\n\t\t\t\t\t\t<h2 class=\"stat\">71 vidas perdidas<\/h2>\n\t\t\t\t\t\t<div class=\"stat-description\">Em 2024, o condado de New Hanover teve 71 mortes relacionadas a opioides e 425 overdoses n\u00e3o fatais.<\/div>\n\t\t\t\t\t<\/div>\n\t\t\t\t<\/div>\n\t\t\t\t\t<\/div>\n\t\t\n\t<\/div>\n\t\t\t<\/div>\n\n\t\t\t\t\n\t<\/div>\n\n\n<h2 class=\"wp-block-heading\" id=\"started\">Como isso <strong>iniciado<\/strong><\/h2>\n\n\n\n<p>O Help Right Here \u00e9 resultado do Plano Estrat\u00e9gico de Sa\u00fade Mental e Transtorno por Uso de Subst\u00e2ncias do Condado de New Hanover, apoiado por fundos nacionais de acordo com opioides complementados pelo Fundo de Sa\u00fade Mental e Transtorno por Uso de Subst\u00e2ncias do condado.&nbsp;<\/p>\n\n\n\n\n\n\t\t\t\t\n\n<div class=\"nmc-block nmc-block--buttons\" id=\"block_06a9b23a98627e25366370e83111904f\">\n\t<div class=\"blockbody\">\n\t\n\t\t\t\t\t\t\t\t\t\n\t\t\n\t\t\n<a href=\"https:\/\/www.nhcgov.com\/2477\/Mental-Health-Substance-Use-Disorder-Str]\" class=\"btn -blue\" target=\"_blank\">Saiba mais<\/a>\n\n\n\t\t<\/div>\n<\/div>","protected":false},"excerpt":{"rendered":"<p>How this started Help Right Here stems from New Hanover County\u2019s Mental Health and Substance Use Disorder Strategic Plan, supported by national opioid settlement funds supplemented by the county\u2019s Mental Health and Substance Use Disorder Fund.&nbsp;<\/p>","protected":false},"author":1,"featured_media":0,"parent":0,"menu_order":0,"comment_status":"closed","ping_status":"closed","template":"","meta":{"_acf_changed":false,"footnotes":""},"class_list":["post-587","page","type-page","status-publish","hentry"],"acf":[],"_links":{"self":[{"href":"https:\/\/helprightherenhc.org\/pt\/wp-json\/wp\/v2\/pages\/587","targetHints":{"allow":["GET"]}}],"collection":[{"href":"https:\/\/helprightherenhc.org\/pt\/wp-json\/wp\/v2\/pages"}],"about":[{"href":"https:\/\/helprightherenhc.org\/pt\/wp-json\/wp\/v2\/types\/page"}],"author":[{"embeddable":true,"href":"https:\/\/helprightherenhc.org\/pt\/wp-json\/wp\/v2\/users\/1"}],"replies":[{"embeddable":true,"href":"https:\/\/helprightherenhc.org\/pt\/wp-json\/wp\/v2\/comments?post=587"}],"version-history":[{"count":52,"href":"https:\/\/helprightherenhc.org\/pt\/wp-json\/wp\/v2\/pages\/587\/revisions"}],"predecessor-version":[{"id":1383,"href":"https:\/\/helprightherenhc.org\/pt\/wp-json\/wp\/v2\/pages\/587\/revisions\/1383"}],"wp:attachment":[{"href":"https:\/\/helprightherenhc.org\/pt\/wp-json\/wp\/v2\/media?parent=587"}],"curies":[{"name":"wp","href":"https:\/\/api.w.org\/{rel}","templated":true}]}}