{"id":839,"date":"2025-07-29T01:58:07","date_gmt":"2025-07-29T01:58:07","guid":{"rendered":"https:\/\/helprightherenhc.org\/?page_id=839"},"modified":"2025-09-25T15:37:15","modified_gmt":"2025-09-25T15:37:15","slug":"navegacion-por-los-servicios-de-salud-mental-y-abuso-de-sustancias","status":"publish","type":"page","link":"https:\/\/helprightherenhc.org\/es\/navigating-mental-health-substance-use-services","title":{"rendered":"Navegar por los servicios de salud mental y consumo de sustancias"},"content":{"rendered":"<div id=\"block_081662e4c3b071753e3060062890662b\" class=\"nmc-block nmc-block--masthead-basic block-container alignfull\">\n\t\n\t\t\n\t\t\t<div class=\"blockbody\">\n\t\t\t\t\n\n\t<div class=\"heart-bg\">\n\t\t<img fetchpriority=\"high\" decoding=\"async\" src=\"https:\/\/e1.nmcdn.io\/assets\/nhmh\/wp-content\/themes\/nmc_nhmh\/assets\/masthead-heart.svg\" width=\"468\" height=\"675\" alt=\"gr\u00e1fico de fondo de coraz\u00f3n\" loading=\"eager\">\n\t<\/div>\n<div class=\"bound boundwider\">\n\t<div class=\"masthead-content\">\n\t\t\t\t<h1 class=\"page-title\">NAVEGACI\u00d3N <strong>SALUD MENTAL<\/strong> &#038; <strong>USO DE SUSTANCIAS<\/strong> SERVICIOS<\/h1>\n\t\t<div class=\"page-intro\"><p>La curaci\u00f3n no es \u00fanica. Cada persona tiene su propio camino y ritmo, y nosotros honramos a cada uno. A trav\u00e9s de Help Right Here, existe una vasta red de servicios locales de salud mental y consumo de sustancias para satisfacer una amplia gama de necesidades. Pero encontrar el <em>derecha <\/em>Estamos aqu\u00ed para ayudarle a comprender lo que tiene a su disposici\u00f3n, para que pueda avanzar con confianza.<\/p>\n<\/div>\t\t\n\n\t\t\t<\/div>\n<\/div>\n\n\t\t\t<\/div>\n\n\t\t\t\t\n\t<\/div>\n\n\n\n\n\n\t\n\n\t\t\t\t\t\t\t\n\n<div id=\"block_6fd25cd77c3ebb0a8421a7c7ae4d36be\" class=\"nmc-block nmc-block--split block-container alignwide\">\n\t\n\t\t\n\t\t\t<div class=\"blockbody\">\n\t\t\t\t\t\n\n<div class=\"split-half\">\n\t<div class=\"split-half-content\">\n\t\t\n\n\t\t<h2 class=\"block-title\">Terapia y asesoramiento<\/h2>\n\n\n<p>Los terapeutas y consejeros licenciados ofrecen sesiones individuales, en grupo o en familia para ayudar a las personas a gestionar los problemas de salud mental, procesar los traumas o navegar por la recuperaci\u00f3n del consumo de sustancias. Hay muchos enfoques diferentes para la terapia; algunos que usted puede ver en nuestra red local incluyen:<\/p>\n\n\n\n<ul class=\"wp-block-list\">\n<li>Terapia cognitivo-conductual: se centra en cambiar los patrones de pensamiento y los comportamientos negativos para mejorar el bienestar emocional.<\/li>\n\n\n\n<li>Terapia dial\u00e9ctica conductual: ense\u00f1a habilidades de afrontamiento y relaci\u00f3n para ayudar a las personas que luchan con emociones intensas, autolesiones o pensamientos suicidas.<\/li>\n\n\n\n<li>Terapia del trauma: ayuda a las personas a superar experiencias dolorosas del pasado, a menudo utilizando m\u00e9todos como la terapia de exposici\u00f3n prolongada o la desensibilizaci\u00f3n y reprocesamiento por movimientos oculares (EMDR) para procesar y reducir el impacto emocional de los recuerdos traum\u00e1ticos.<\/li>\n\n\n\n<li>Terapia ambulatoria intensiva: un programa estructurado en el que vives en casa pero asistes a sesiones de terapia varios d\u00edas a la semana durante unas horas cada d\u00eda para recibir apoyo adicional.<\/li>\n<\/ul>\n\n\t<\/div>\n<\/div>\n\n\n<div class=\"split-half\">\n\t<div class=\"split-half-content\">\n\t\t\n\n<div class=\"split-half-image\">\n\n\n\n<picture>\n\t<source media=\"(max-width: 400px)\" srcset=\"https:\/\/e1.nmcdn.io\/assets\/nhmh\/wp-content\/uploads\/2025\/09\/iStock-1625851354-540x360.webp\">\n\t<img decoding=\"async\" loading=\"lazy\" style=\"aspect-ratio: 1.5;\" src=\"https:\/\/e1.nmcdn.io\/assets\/nhmh\/wp-content\/uploads\/2025\/09\/iStock-1625851354-900x600.webp\" width=\"900\" height=\"600\" alt=\"\">\n<\/picture>\n<\/div>\n\n\t<\/div>\n<\/div>\n\n\t\t\t<\/div>\n\n\t\t\t\t\n\t<\/div>\n\n\n\n\t\n\n\t\t\t\t\t\t\t\n\n<div id=\"block_6fd25cd77c3ebb0a8421a7c7ae4d36be\" class=\"nmc-block nmc-block--split block-container alignwide\">\n\t\n\t\t\n\t\t\t<div class=\"blockbody\">\n\t\t\t\t\t\n\n<div class=\"split-half\">\n\t<div class=\"split-half-content\">\n\t\t\n\n<div class=\"split-half-image\">\n\n\n\n<picture>\n\t<source media=\"(max-width: 400px)\" srcset=\"https:\/\/e1.nmcdn.io\/assets\/nhmh\/wp-content\/uploads\/2025\/09\/iStock-1339421590-540x236.webp\">\n\t<img decoding=\"async\" loading=\"lazy\" style=\"aspect-ratio: 2.2842639593909;\" src=\"https:\/\/e1.nmcdn.io\/assets\/nhmh\/wp-content\/uploads\/2025\/09\/iStock-1339421590-900x394.webp\" width=\"900\" height=\"394\" alt=\"\">\n<\/picture>\n<\/div>\n\n\t<\/div>\n<\/div>\n\n\n<div class=\"split-half\">\n\t<div class=\"split-half-content\">\n\t\t\n\n<h2 class=\"wp-block-heading\">Atenci\u00f3n psiqui\u00e1trica y gesti\u00f3n de la medicaci\u00f3n<\/h2>\n\n\n\n<p>El psiquiatra eval\u00faa, diagnostica y trata las enfermedades mentales. Una parte fundamental de esta atenci\u00f3n es la gesti\u00f3n de la medicaci\u00f3n, es decir, la prescripci\u00f3n y supervisi\u00f3n de medicamentos para ayudar a controlar los s\u00edntomas. La atenci\u00f3n psiqui\u00e1trica suele combinarse con la terapia para crear un plan de tratamiento integral que se adapte a tus necesidades.<\/p>\n\n\t<\/div>\n<\/div>\n\n\t\t\t<\/div>\n\n\t\t\t\t\n\t<\/div>\n\n\n\n\t\n\n\t\t\t\t\t\t\t\n\n<div id=\"block_6fd25cd77c3ebb0a8421a7c7ae4d36be\" class=\"nmc-block nmc-block--split block-container alignwide\">\n\t\n\t\t\n\t\t\t<div class=\"blockbody\">\n\t\t\t\t\t\n\n<div class=\"split-half\">\n\t<div class=\"split-half-content\">\n\t\t\n\n\t\t<h2 class=\"block-title\">Crisis y l\u00edneas de ayuda<\/h2>\n\n\n<p>Las l\u00edneas telef\u00f3nicas o de texto confidenciales, disponibles 24 horas al d\u00eda, 7 d\u00edas a la semana, ponen en contacto a las personas que experimentan angustia emocional o pensamientos de autolesi\u00f3n con asesores de crisis formados que pueden proporcionar apoyo y orientaci\u00f3n inmediatos. Estas l\u00edneas de ayuda son a menudo el primer paso para quienes tienen una necesidad urgente o no saben a qui\u00e9n acudir.&nbsp;<\/p>\n\n\t<\/div>\n<\/div>\n\n\n<div class=\"split-half\">\n\t<div class=\"split-half-content\">\n\t\t\n\n<div class=\"split-half-image\">\n\n\n\n<picture>\n\t<source media=\"(max-width: 400px)\" srcset=\"https:\/\/e1.nmcdn.io\/assets\/nhmh\/wp-content\/uploads\/2025\/09\/iStock-2199471016-540x360.webp\">\n\t<img decoding=\"async\" loading=\"lazy\" style=\"aspect-ratio: 1.5;\" src=\"https:\/\/e1.nmcdn.io\/assets\/nhmh\/wp-content\/uploads\/2025\/09\/iStock-2199471016-900x600.webp\" width=\"900\" height=\"600\" alt=\"\">\n<\/picture>\n<\/div>\n\n\t<\/div>\n<\/div>\n\n\t\t\t<\/div>\n\n\t\t\t\t\n\t<\/div>\n\n\n\n\t\n\n\t\t\t\t\t\t\t\n\n<div id=\"peer\" class=\"nmc-block nmc-block--split block-container alignwide\">\n\t\n\t\t\n\t\t\t<div class=\"blockbody\">\n\t\t\t\t\t\n\n<div class=\"split-half\">\n\t<div class=\"split-half-content\">\n\t\t\n\n\n\n\n<div class=\"split-half-image\">\n\n\n\n<picture>\n\t<source media=\"(max-width: 400px)\" srcset=\"https:\/\/e1.nmcdn.io\/assets\/nhmh\/wp-content\/uploads\/2025\/09\/iStock-2135001152-540x360.webp\">\n\t<img decoding=\"async\" loading=\"lazy\" style=\"aspect-ratio: 1.5;\" src=\"https:\/\/e1.nmcdn.io\/assets\/nhmh\/wp-content\/uploads\/2025\/09\/iStock-2135001152-900x600.webp\" width=\"900\" height=\"600\" alt=\"\">\n<\/picture>\n<\/div>\n\n\t<\/div>\n<\/div>\n\n\n<div class=\"split-half\">\n\t<div class=\"split-half-content\">\n\t\t\n\n\t\t<h2 class=\"block-title\">Especialistas en apoyo entre iguales<\/h2>\n\n\n<p>Personas certificadas que han experimentado la recuperaci\u00f3n de la salud mental o el consumo de sustancias ofrecen tutor\u00eda, aliento y apoyo pr\u00e1ctico, ayudando a los dem\u00e1s a sentirse comprendidos y menos solos en su viaje.&nbsp;&nbsp;<\/p>\n\n\t<\/div>\n<\/div>\n\n\t\t\t<\/div>\n\n\t\t\t\t\n\t<\/div>\n\n\n\n\t\n\n\t\t\t\t\t\t\t\n\n<div id=\"block_031bdf9d7431b6ca1c9c39222fcdaa30\" class=\"nmc-block nmc-block--split block-container alignwide\">\n\t\n\t\t\n\t\t\t<div class=\"blockbody\">\n\t\t\t\t\t\n\n<div class=\"split-half\">\n\t<div class=\"split-half-content\">\n\t\t\n\n\t\t<h2 class=\"block-title\">Reuniones de grupo y grupos de apoyo<\/h2>\n\n\n<p>Los grupos dirigidos por iguales o facilitados por profesionales ofrecen un espacio de apoyo, libre de juicios, para compartir experiencias, aprender nuevas estrategias de afrontamiento y conectar con otras personas que se enfrentan a retos similares. Los formatos m\u00e1s habituales son los programas de 12 pasos, los grupos de recuperaci\u00f3n y prevenci\u00f3n de reca\u00eddas y los c\u00edrculos de apoyo a la salud mental.<\/p>\n\n\t<\/div>\n<\/div>\n\n\n<div class=\"split-half\">\n\t<div class=\"split-half-content\">\n\t\t\n\n<div class=\"split-half-image\">\n\n\n\n<picture>\n\t<source media=\"(max-width: 400px)\" srcset=\"https:\/\/e1.nmcdn.io\/assets\/nhmh\/wp-content\/uploads\/2025\/07\/iStock-1919252418-540x360.webp\">\n\t<img decoding=\"async\" loading=\"lazy\" style=\"aspect-ratio: 1.5;\" src=\"https:\/\/e1.nmcdn.io\/assets\/nhmh\/wp-content\/uploads\/2025\/07\/iStock-1919252418-900x600.webp\" width=\"900\" height=\"600\" alt=\"\">\n<\/picture>\n<\/div>\n\n\t<\/div>\n<\/div>\n\n\t\t\t<\/div>\n\n\t\t\t\t\n\t<\/div>\n\n\n\n\t\n\n\t\t\t\t\t\t\t\n\n<div id=\"block_031bdf9d7431b6ca1c9c39222fcdaa30\" class=\"nmc-block nmc-block--split block-container alignwide\">\n\t\n\t\t\n\t\t\t<div class=\"blockbody\">\n\t\t\t\t\t\n\n<div class=\"split-half\">\n\t<div class=\"split-half-content\">\n\t\t\n\n<div class=\"split-half-image\">\n\n\n\n<picture>\n\t<source media=\"(max-width: 400px)\" srcset=\"https:\/\/e1.nmcdn.io\/assets\/nhmh\/wp-content\/uploads\/2025\/09\/iStock-2159642026-540x360.webp\">\n\t<img decoding=\"async\" loading=\"lazy\" style=\"aspect-ratio: 1.4975041597338;\" src=\"https:\/\/e1.nmcdn.io\/assets\/nhmh\/wp-content\/uploads\/2025\/09\/iStock-2159642026-900x601.webp\" width=\"900\" height=\"601\" alt=\"\">\n<\/picture>\n<\/div>\n\n\t<\/div>\n<\/div>\n\n\n<div class=\"split-half\">\n\t<div class=\"split-half-content\">\n\t\t\n\n\t\t<h2 class=\"block-title\">Tratamiento residencial y programas de recuperaci\u00f3n<\/h2>\n\n\n<p>Los programas estructurados de internamiento proporcionan cuidados intensivos a largo plazo a las personas en proceso de recuperaci\u00f3n. Estos programas suelen incluir servicios de desintoxicaci\u00f3n, terapia, formaci\u00f3n en habilidades para la vida y apoyo entre iguales, todo ello en un entorno seguro y estable.<\/p>\n\n\t<\/div>\n<\/div>\n\n\t\t\t<\/div>\n\n\t\t\t\t\n\t<\/div>\n\n\n\n\t\n\n\t\t\t\t\t\t\t\n\n<div id=\"block_6fd25cd77c3ebb0a8421a7c7ae4d36be\" class=\"nmc-block nmc-block--split block-container alignwide\">\n\t\n\t\t\n\t\t\t<div class=\"blockbody\">\n\t\t\t\t\t\n\n<div class=\"split-half\">\n\t<div class=\"split-half-content\">\n\t\t\n\n\t\t<h2 class=\"block-title\">Desintoxicaci\u00f3n m\u00e9dicamente supervisada y tratamiento m\u00e9dicamente asistido (MAT)<\/h2>\n\n\n<p>La desintoxicaci\u00f3n supervisada m\u00e9dicamente proporciona una atenci\u00f3n segura y supervisada para controlar los s\u00edntomas de abstinencia al eliminar las sustancias del organismo, un primer paso importante para muchos. El tratamiento m\u00e9dicamente asistido (TMA) combina medicamentos aprobados por la FDA con asesoramiento para aliviar el deseo de consumir y favorecer una recuperaci\u00f3n duradera.<\/p>\n\n\t<\/div>\n<\/div>\n\n\n<div class=\"split-half\">\n\t<div class=\"split-half-content\">\n\t\t\n\n<div class=\"split-half-image\">\n\n\n\n<picture>\n\t<source media=\"(max-width: 400px)\" srcset=\"https:\/\/e1.nmcdn.io\/assets\/nhmh\/wp-content\/uploads\/2025\/09\/iStock-2172741338-540x360.webp\">\n\t<img decoding=\"async\" loading=\"lazy\" style=\"aspect-ratio: 1.5;\" src=\"https:\/\/e1.nmcdn.io\/assets\/nhmh\/wp-content\/uploads\/2025\/09\/iStock-2172741338-900x600.webp\" width=\"900\" height=\"600\" alt=\"\">\n<\/picture>\n<\/div>\n\n\t<\/div>\n<\/div>\n\n\t\t\t<\/div>\n\n\t\t\t\t\n\t<\/div>","protected":false},"excerpt":{"rendered":"","protected":false},"author":1,"featured_media":0,"parent":0,"menu_order":0,"comment_status":"closed","ping_status":"closed","template":"","meta":{"_acf_changed":false,"footnotes":""},"class_list":["post-839","page","type-page","status-publish","hentry"],"acf":[],"_links":{"self":[{"href":"https:\/\/helprightherenhc.org\/es\/wp-json\/wp\/v2\/pages\/839","targetHints":{"allow":["GET"]}}],"collection":[{"href":"https:\/\/helprightherenhc.org\/es\/wp-json\/wp\/v2\/pages"}],"about":[{"href":"https:\/\/helprightherenhc.org\/es\/wp-json\/wp\/v2\/types\/page"}],"author":[{"embeddable":true,"href":"https:\/\/helprightherenhc.org\/es\/wp-json\/wp\/v2\/users\/1"}],"replies":[{"embeddable":true,"href":"https:\/\/helprightherenhc.org\/es\/wp-json\/wp\/v2\/comments?post=839"}],"version-history":[{"count":50,"href":"https:\/\/helprightherenhc.org\/es\/wp-json\/wp\/v2\/pages\/839\/revisions"}],"predecessor-version":[{"id":1345,"href":"https:\/\/helprightherenhc.org\/es\/wp-json\/wp\/v2\/pages\/839\/revisions\/1345"}],"wp:attachment":[{"href":"https:\/\/helprightherenhc.org\/es\/wp-json\/wp\/v2\/media?parent=839"}],"curies":[{"name":"wp","href":"https:\/\/api.w.org\/{rel}","templated":true}]}}