{"id":839,"date":"2025-07-29T01:58:07","date_gmt":"2025-07-29T01:58:07","guid":{"rendered":"https:\/\/helprightherenhc.org\/?page_id=839"},"modified":"2025-09-25T15:37:15","modified_gmt":"2025-09-25T15:37:15","slug":"navigation-durch-psychosoziale-dienste-bei-drogenkonsum","status":"publish","type":"page","link":"https:\/\/helprightherenhc.org\/de\/navigating-mental-health-substance-use-services","title":{"rendered":"Navigieren durch Dienste f\u00fcr psychische Gesundheit und Drogenkonsum"},"content":{"rendered":"<div id=\"block_081662e4c3b071753e3060062890662b\" class=\"nmc-block nmc-block--masthead-basic block-container alignfull\">\n\t\n\t\t\n\t\t\t<div class=\"blockbody\">\n\t\t\t\t\n\n\t<div class=\"heart-bg\">\n\t\t<img fetchpriority=\"high\" decoding=\"async\" src=\"https:\/\/e1.nmcdn.io\/assets\/nhmh\/wp-content\/themes\/nmc_nhmh\/assets\/masthead-heart.svg\" width=\"468\" height=\"675\" alt=\"Herz-Hintergrundgrafik\" loading=\"eager\">\n\t<\/div>\n<div class=\"bound boundwider\">\n\t<div class=\"masthead-content\">\n\t\t\t\t<h1 class=\"page-title\">NAVIGIEREN <strong>MENTALE GESUNDHEIT<\/strong> &#038; <strong>STOFFVERWENDUNG<\/strong> DIENSTLEISTUNGEN<\/h1>\n\t\t<div class=\"page-intro\"><p>Heilung ist keine Einheitsgr\u00f6\u00dfe, die f\u00fcr alle gilt. Jeder Mensch hat seinen eigenen Weg und sein eigenes Tempo, und wir ehren jeden. Help Right Here verf\u00fcgt \u00fcber ein umfangreiches Netz von lokalen Diensten f\u00fcr psychische Gesundheit und Drogenkonsum, die eine breite Palette von Bed\u00fcrfnissen abdecken. Aber das Finden der <em>rechts <\/em>Wir sind hier, um Ihnen dabei zu helfen, zu verstehen, was Ihnen zur Verf\u00fcgung steht, damit Sie mit Zuversicht weitermachen k\u00f6nnen.<\/p>\n<\/div>\t\t\n\n\t\t\t<\/div>\n<\/div>\n\n\t\t\t<\/div>\n\n\t\t\t\t\n\t<\/div>\n\n\n\n\n\n\t\n\n\t\t\t\t\t\t\t\n\n<div id=\"block_6fd25cd77c3ebb0a8421a7c7ae4d36be\" class=\"nmc-block nmc-block--split block-container alignwide\">\n\t\n\t\t\n\t\t\t<div class=\"blockbody\">\n\t\t\t\t\t\n\n<div class=\"split-half\">\n\t<div class=\"split-half-content\">\n\t\t\n\n\t\t<h2 class=\"block-title\">Therapie &amp; Beratung<\/h2>\n\n\n<p>Zugelassene Therapeuten und Berater bieten Einzel-, Gruppen- oder Familientherapien an, um Menschen bei der Bew\u00e4ltigung von psychischen Problemen, der Verarbeitung von Traumata oder dem Umgang mit Drogen zu helfen. Es gibt viele verschiedene Therapieans\u00e4tze; einige davon k\u00f6nnen Sie in unserem lokalen Netzwerk kennenlernen:<\/p>\n\n\n\n<ul class=\"wp-block-list\">\n<li>Kognitive Verhaltenstherapie: konzentriert sich auf die Ver\u00e4nderung negativer Denk- und Verhaltensmuster, um das emotionale Wohlbefinden zu verbessern.<\/li>\n\n\n\n<li>Dialektisch-behaviorale Therapie: Vermittelt Bew\u00e4ltigungs- und Beziehungsf\u00e4higkeiten, um Menschen zu helfen, die mit starken Emotionen, Selbstverletzungen oder Selbstmordgedanken zu k\u00e4mpfen haben.<\/li>\n\n\n\n<li>Traumatherapie: Hilft Menschen, schmerzhafte Erlebnisse aus der Vergangenheit zu verarbeiten. Dabei werden h\u00e4ufig Ans\u00e4tze wie die verl\u00e4ngerte Expositionstherapie oder Eye Movement Desensitization and Reprocessing (EMDR) eingesetzt, um die emotionalen Auswirkungen traumatischer Erinnerungen zu verarbeiten und zu verringern.<\/li>\n\n\n\n<li>Ambulante Intensivtherapie: ein strukturiertes Programm, bei dem Sie zu Hause wohnen, aber an mehreren Tagen in der Woche f\u00fcr jeweils einige Stunden an Therapiesitzungen teilnehmen, um zus\u00e4tzliche Unterst\u00fctzung zu erhalten.<\/li>\n<\/ul>\n\n\t<\/div>\n<\/div>\n\n\n<div class=\"split-half\">\n\t<div class=\"split-half-content\">\n\t\t\n\n<div class=\"split-half-image\">\n\n\n\n<picture>\n\t<source media=\"(max-width: 400px)\" srcset=\"https:\/\/e1.nmcdn.io\/assets\/nhmh\/wp-content\/uploads\/2025\/09\/iStock-1625851354-540x360.webp\">\n\t<img decoding=\"async\" loading=\"lazy\" style=\"aspect-ratio: 1.5;\" src=\"https:\/\/e1.nmcdn.io\/assets\/nhmh\/wp-content\/uploads\/2025\/09\/iStock-1625851354-900x600.webp\" width=\"900\" height=\"600\" alt=\"\">\n<\/picture>\n<\/div>\n\n\t<\/div>\n<\/div>\n\n\t\t\t<\/div>\n\n\t\t\t\t\n\t<\/div>\n\n\n\n\t\n\n\t\t\t\t\t\t\t\n\n<div id=\"block_6fd25cd77c3ebb0a8421a7c7ae4d36be\" class=\"nmc-block nmc-block--split block-container alignwide\">\n\t\n\t\t\n\t\t\t<div class=\"blockbody\">\n\t\t\t\t\t\n\n<div class=\"split-half\">\n\t<div class=\"split-half-content\">\n\t\t\n\n<div class=\"split-half-image\">\n\n\n\n<picture>\n\t<source media=\"(max-width: 400px)\" srcset=\"https:\/\/e1.nmcdn.io\/assets\/nhmh\/wp-content\/uploads\/2025\/09\/iStock-1339421590-540x236.webp\">\n\t<img decoding=\"async\" loading=\"lazy\" style=\"aspect-ratio: 2.2842639593909;\" src=\"https:\/\/e1.nmcdn.io\/assets\/nhmh\/wp-content\/uploads\/2025\/09\/iStock-1339421590-900x394.webp\" width=\"900\" height=\"394\" alt=\"\">\n<\/picture>\n<\/div>\n\n\t<\/div>\n<\/div>\n\n\n<div class=\"split-half\">\n\t<div class=\"split-half-content\">\n\t\t\n\n<h2 class=\"wp-block-heading\">Psychiatrische Pflege und Medikamentenmanagement<\/h2>\n\n\n\n<p>Ein Psychiater beurteilt, diagnostiziert und behandelt psychische Erkrankungen. Ein wichtiger Teil dieser Behandlung ist das Medikamentenmanagement - die Verschreibung und \u00dcberwachung von Medikamenten zur Behandlung von Symptomen. Die psychiatrische Versorgung arbeitet oft mit einer Therapie zusammen, um einen umfassenden Behandlungsplan zu erstellen, der Ihren Bed\u00fcrfnissen entspricht.<\/p>\n\n\t<\/div>\n<\/div>\n\n\t\t\t<\/div>\n\n\t\t\t\t\n\t<\/div>\n\n\n\n\t\n\n\t\t\t\t\t\t\t\n\n<div id=\"block_6fd25cd77c3ebb0a8421a7c7ae4d36be\" class=\"nmc-block nmc-block--split block-container alignwide\">\n\t\n\t\t\n\t\t\t<div class=\"blockbody\">\n\t\t\t\t\t\n\n<div class=\"split-half\">\n\t<div class=\"split-half-content\">\n\t\t\n\n\t\t<h2 class=\"block-title\">Krise &amp; Helplines<\/h2>\n\n\n<p>\u00dcber vertrauliche Telefon- oder SMS-Hotlines, die rund um die Uhr erreichbar sind, werden Personen, die sich in einer emotionalen Notlage befinden oder an Selbstverletzung denken, mit geschulten Krisenberatern verbunden, die sofortige Unterst\u00fctzung und Beratung bieten k\u00f6nnen. Diese Helplines sind oft der erste Schritt f\u00fcr Menschen, die dringend Hilfe brauchen oder nicht wissen, wohin sie sich wenden sollen.&nbsp;<\/p>\n\n\t<\/div>\n<\/div>\n\n\n<div class=\"split-half\">\n\t<div class=\"split-half-content\">\n\t\t\n\n<div class=\"split-half-image\">\n\n\n\n<picture>\n\t<source media=\"(max-width: 400px)\" srcset=\"https:\/\/e1.nmcdn.io\/assets\/nhmh\/wp-content\/uploads\/2025\/09\/iStock-2199471016-540x360.webp\">\n\t<img decoding=\"async\" loading=\"lazy\" style=\"aspect-ratio: 1.5;\" src=\"https:\/\/e1.nmcdn.io\/assets\/nhmh\/wp-content\/uploads\/2025\/09\/iStock-2199471016-900x600.webp\" width=\"900\" height=\"600\" alt=\"\">\n<\/picture>\n<\/div>\n\n\t<\/div>\n<\/div>\n\n\t\t\t<\/div>\n\n\t\t\t\t\n\t<\/div>\n\n\n\n\t\n\n\t\t\t\t\t\t\t\n\n<div id=\"peer\" class=\"nmc-block nmc-block--split block-container alignwide\">\n\t\n\t\t\n\t\t\t<div class=\"blockbody\">\n\t\t\t\t\t\n\n<div class=\"split-half\">\n\t<div class=\"split-half-content\">\n\t\t\n\n\n\n\n<div class=\"split-half-image\">\n\n\n\n<picture>\n\t<source media=\"(max-width: 400px)\" srcset=\"https:\/\/e1.nmcdn.io\/assets\/nhmh\/wp-content\/uploads\/2025\/09\/iStock-2135001152-540x360.webp\">\n\t<img decoding=\"async\" loading=\"lazy\" style=\"aspect-ratio: 1.5;\" src=\"https:\/\/e1.nmcdn.io\/assets\/nhmh\/wp-content\/uploads\/2025\/09\/iStock-2135001152-900x600.webp\" width=\"900\" height=\"600\" alt=\"\">\n<\/picture>\n<\/div>\n\n\t<\/div>\n<\/div>\n\n\n<div class=\"split-half\">\n\t<div class=\"split-half-content\">\n\t\t\n\n\t\t<h2 class=\"block-title\">Peer-Support-Spezialisten<\/h2>\n\n\n<p>Zertifizierte Personen, die bereits Erfahrungen mit psychischer Gesundheit oder Drogenkonsum gemacht haben, bieten Mentoring, Ermutigung und praktische Unterst\u00fctzung an und helfen anderen, sich auf ihrem Weg verstanden und weniger allein zu f\u00fchlen.&nbsp;&nbsp;<\/p>\n\n\t<\/div>\n<\/div>\n\n\t\t\t<\/div>\n\n\t\t\t\t\n\t<\/div>\n\n\n\n\t\n\n\t\t\t\t\t\t\t\n\n<div id=\"block_031bdf9d7431b6ca1c9c39222fcdaa30\" class=\"nmc-block nmc-block--split block-container alignwide\">\n\t\n\t\t\n\t\t\t<div class=\"blockbody\">\n\t\t\t\t\t\n\n<div class=\"split-half\">\n\t<div class=\"split-half-content\">\n\t\t\n\n\t\t<h2 class=\"block-title\">Gruppentreffen &amp; Selbsthilfegruppen<\/h2>\n\n\n<p>Von Gleichaltrigen geleitete oder professionell moderierte Gruppen bieten einen unterst\u00fctzenden, urteilsfreien Raum, um Erfahrungen auszutauschen, neue Bew\u00e4ltigungsstrategien zu erlernen und Kontakte zu anderen zu kn\u00fcpfen, die vor \u00e4hnlichen Herausforderungen stehen. Zu den g\u00e4ngigen Formaten geh\u00f6ren 12-Schritte-Programme, Gruppen zur Drogenentw\u00f6hnung und R\u00fcckfallpr\u00e4vention sowie Selbsthilfegruppen f\u00fcr psychische Erkrankungen.<\/p>\n\n\t<\/div>\n<\/div>\n\n\n<div class=\"split-half\">\n\t<div class=\"split-half-content\">\n\t\t\n\n<div class=\"split-half-image\">\n\n\n\n<picture>\n\t<source media=\"(max-width: 400px)\" srcset=\"https:\/\/e1.nmcdn.io\/assets\/nhmh\/wp-content\/uploads\/2025\/07\/iStock-1919252418-540x360.webp\">\n\t<img decoding=\"async\" loading=\"lazy\" style=\"aspect-ratio: 1.5;\" src=\"https:\/\/e1.nmcdn.io\/assets\/nhmh\/wp-content\/uploads\/2025\/07\/iStock-1919252418-900x600.webp\" width=\"900\" height=\"600\" alt=\"\">\n<\/picture>\n<\/div>\n\n\t<\/div>\n<\/div>\n\n\t\t\t<\/div>\n\n\t\t\t\t\n\t<\/div>\n\n\n\n\t\n\n\t\t\t\t\t\t\t\n\n<div id=\"block_031bdf9d7431b6ca1c9c39222fcdaa30\" class=\"nmc-block nmc-block--split block-container alignwide\">\n\t\n\t\t\n\t\t\t<div class=\"blockbody\">\n\t\t\t\t\t\n\n<div class=\"split-half\">\n\t<div class=\"split-half-content\">\n\t\t\n\n<div class=\"split-half-image\">\n\n\n\n<picture>\n\t<source media=\"(max-width: 400px)\" srcset=\"https:\/\/e1.nmcdn.io\/assets\/nhmh\/wp-content\/uploads\/2025\/09\/iStock-2159642026-540x360.webp\">\n\t<img decoding=\"async\" loading=\"lazy\" style=\"aspect-ratio: 1.4975041597338;\" src=\"https:\/\/e1.nmcdn.io\/assets\/nhmh\/wp-content\/uploads\/2025\/09\/iStock-2159642026-900x601.webp\" width=\"900\" height=\"601\" alt=\"\">\n<\/picture>\n<\/div>\n\n\t<\/div>\n<\/div>\n\n\n<div class=\"split-half\">\n\t<div class=\"split-half-content\">\n\t\t\n\n\t\t<h2 class=\"block-title\">Station\u00e4re Behandlung und Genesungsprogramme<\/h2>\n\n\n<p>Strukturierte Wohnprogramme bieten intensive, langfristige Betreuung f\u00fcr Personen, die auf eine Genesung hinarbeiten. Diese Programme umfassen h\u00e4ufig Entgiftungsleistungen, Therapien, Training von Lebenskompetenzen und Unterst\u00fctzung durch Gleichaltrige - und das alles in einem sicheren und stabilen Umfeld.<\/p>\n\n\t<\/div>\n<\/div>\n\n\t\t\t<\/div>\n\n\t\t\t\t\n\t<\/div>\n\n\n\n\t\n\n\t\t\t\t\t\t\t\n\n<div id=\"block_6fd25cd77c3ebb0a8421a7c7ae4d36be\" class=\"nmc-block nmc-block--split block-container alignwide\">\n\t\n\t\t\n\t\t\t<div class=\"blockbody\">\n\t\t\t\t\t\n\n<div class=\"split-half\">\n\t<div class=\"split-half-content\">\n\t\t\n\n\t\t<h2 class=\"block-title\">Medizinisch \u00fcberwachte Entgiftung und medizinisch unterst\u00fctzte Behandlung (MAT)<\/h2>\n\n\n<p>Die medizinisch \u00fcberwachte Entgiftung bietet eine sichere, \u00fcberwachte Betreuung zur Bew\u00e4ltigung von Entzugssymptomen beim Abbau von Substanzen im K\u00f6rper - f\u00fcr viele ein wichtiger erster Schritt. Bei der medizinisch unterst\u00fctzten Behandlung (MAT) werden von der FDA zugelassene Medikamente mit Beratung kombiniert, um das Verlangen zu lindern und eine dauerhafte Genesung zu unterst\u00fctzen.<\/p>\n\n\t<\/div>\n<\/div>\n\n\n<div class=\"split-half\">\n\t<div class=\"split-half-content\">\n\t\t\n\n<div class=\"split-half-image\">\n\n\n\n<picture>\n\t<source media=\"(max-width: 400px)\" srcset=\"https:\/\/e1.nmcdn.io\/assets\/nhmh\/wp-content\/uploads\/2025\/09\/iStock-2172741338-540x360.webp\">\n\t<img decoding=\"async\" loading=\"lazy\" style=\"aspect-ratio: 1.5;\" src=\"https:\/\/e1.nmcdn.io\/assets\/nhmh\/wp-content\/uploads\/2025\/09\/iStock-2172741338-900x600.webp\" width=\"900\" height=\"600\" alt=\"\">\n<\/picture>\n<\/div>\n\n\t<\/div>\n<\/div>\n\n\t\t\t<\/div>\n\n\t\t\t\t\n\t<\/div>","protected":false},"excerpt":{"rendered":"","protected":false},"author":1,"featured_media":0,"parent":0,"menu_order":0,"comment_status":"closed","ping_status":"closed","template":"","meta":{"_acf_changed":false,"footnotes":""},"class_list":["post-839","page","type-page","status-publish","hentry"],"acf":[],"_links":{"self":[{"href":"https:\/\/helprightherenhc.org\/de\/wp-json\/wp\/v2\/pages\/839","targetHints":{"allow":["GET"]}}],"collection":[{"href":"https:\/\/helprightherenhc.org\/de\/wp-json\/wp\/v2\/pages"}],"about":[{"href":"https:\/\/helprightherenhc.org\/de\/wp-json\/wp\/v2\/types\/page"}],"author":[{"embeddable":true,"href":"https:\/\/helprightherenhc.org\/de\/wp-json\/wp\/v2\/users\/1"}],"replies":[{"embeddable":true,"href":"https:\/\/helprightherenhc.org\/de\/wp-json\/wp\/v2\/comments?post=839"}],"version-history":[{"count":50,"href":"https:\/\/helprightherenhc.org\/de\/wp-json\/wp\/v2\/pages\/839\/revisions"}],"predecessor-version":[{"id":1345,"href":"https:\/\/helprightherenhc.org\/de\/wp-json\/wp\/v2\/pages\/839\/revisions\/1345"}],"wp:attachment":[{"href":"https:\/\/helprightherenhc.org\/de\/wp-json\/wp\/v2\/media?parent=839"}],"curies":[{"name":"wp","href":"https:\/\/api.w.org\/{rel}","templated":true}]}}