{"id":826,"date":"2025-07-29T01:45:13","date_gmt":"2025-07-29T01:45:13","guid":{"rendered":"https:\/\/helprightherenhc.org\/?page_id=826"},"modified":"2025-10-13T16:42:05","modified_gmt":"2025-10-13T16:42:05","slug":"haufig-gestellte-fragen","status":"publish","type":"page","link":"https:\/\/helprightherenhc.org\/de\/frequently-asked-questions","title":{"rendered":"H\u00e4ufig gestellte Fragen"},"content":{"rendered":"<div id=\"block_18394077f0e04dd73b51f68b84dc0c35\" class=\"nmc-block nmc-block--masthead-basic block-container alignfull\">\n\t\n\t\t\n\t\t\t<div class=\"blockbody\">\n\t\t\t\t\n\t<div class=\"spotlight-bg\">\n\t\t<img fetchpriority=\"high\" decoding=\"async\" src=\"https:\/\/e1.nmcdn.io\/assets\/nhmh\/wp-content\/themes\/nmc_nhmh\/assets\/masthead-spotlight.svg\" width=\"1440\" height=\"822\" alt=\"Spotlight-Hintergrundgrafik\" loading=\"eager\">\n\t<\/div>\n\n<div class=\"bound boundwider\">\n\t<div class=\"masthead-content\">\n\t\t\t\t<h1 class=\"page-title\">H\u00e4ufig gestellte Fragen <strong>Fragen<\/strong><\/h1>\n\t\t<div class=\"page-intro\"><p>Wir wissen, dass psychische Probleme und Drogenkonsum \u00fcberw\u00e4ltigend sein k\u00f6nnen, aber es sollte einfach sein, Hilfe zu finden. Deshalb haben wir einige der h\u00e4ufigsten Fragen beantwortet, damit Sie sich auf Ihrem Weg sicher, informiert und unterst\u00fctzt f\u00fchlen.<\/p>\n<\/div>\t\t\n\n\t\t\t<\/div>\n<\/div>\n\n\t\t\t<\/div>\n\n\t\t\t\t\n\t<\/div>\n\n\n\n\n\n\t\n\n\t\t\t\t\n\t\n<div id=\"block_79185785403bb4b677789a3d61de4882\" class=\"nmc-block nmc-block--accordion block-container alignwide\">\n\t\n\t\t\n\t\t\t<div class=\"blockbody\">\n\t\t\t\t\t<div class=\"accordion -columns\">\n\t\n\n<div class=\"block-accordion-group\">\n\n\t<div class=\"accordion_item\" id=\"item-block_bc6b9ec78201c7a105c11821a4ea71fc\">\n\t\t<h2 class=\"accordion_item-title\">\n\t\t\t<button aria-expanded=\"false\">\n\t\t\t\tWas ist psychische Gesundheit, und was sind h\u00e4ufige psychische St\u00f6rungen?\n\t\t\t\t<div class=\"indicator\">\n\t\t\t\t\t<svg viewbox=\"0 0 9 9\" aria-hidden=\"true\" focusable=\"false\">\n\t\t\t\t\t\t<rect class=\"vert\" height=\"9\" width=\"1\" y=\"0\" x=\"4\"\/>\n\t\t\t\t\t\t<rect height=\"1\" width=\"9\" y=\"4\" x=\"0\"\/>\n\t\t\t\t\t<\/svg>\n\t\t\t\t<\/div>\n\t\t\t<\/button>\n\t\t<\/h2>\n\t\t<div class=\"accordion_item-content\" hidden>\n\t\t\t<div>\n\t\t\t\t<div class=\"gutenberg\">\n\t\t\t\t\t\n\n<p>Psychische Gesundheit bezieht sich auf unser emotionales, psychologisches und soziales Wohlbefinden. H\u00e4ufige Erkrankungen sind Angstzust\u00e4nde, Depressionen, PTBS und bipolare St\u00f6rungen.<\/p>\n\n\t\t\t\t<\/div>\n\t\t\t<\/div>\n\t\t<\/div>\n\t<\/div>\n\n<\/div>\n\n\n<div class=\"block-accordion-group\">\n\n\t<div class=\"accordion_item\" id=\"item-block_f4375f53c439745a516c53c86a83e720\">\n\t\t<h2 class=\"accordion_item-title\">\n\t\t\t<button aria-expanded=\"false\">\n\t\t\t\tWas ist eine Substanzkonsumst\u00f6rung?\n\t\t\t\t<div class=\"indicator\">\n\t\t\t\t\t<svg viewbox=\"0 0 9 9\" aria-hidden=\"true\" focusable=\"false\">\n\t\t\t\t\t\t<rect class=\"vert\" height=\"9\" width=\"1\" y=\"0\" x=\"4\"\/>\n\t\t\t\t\t\t<rect height=\"1\" width=\"9\" y=\"4\" x=\"0\"\/>\n\t\t\t\t\t<\/svg>\n\t\t\t\t<\/div>\n\t\t\t<\/button>\n\t\t<\/h2>\n\t\t<div class=\"accordion_item-content\" hidden>\n\t\t\t<div>\n\t\t\t\t<div class=\"gutenberg\">\n\t\t\t\t\t\n\n<p>Eine St\u00f6rung des Substanzkonsums liegt vor, wenn sich der Konsum von Drogen oder Alkohol negativ auf die Gesundheit oder das t\u00e4gliche Leben auswirkt.<\/p>\n\n\t\t\t\t<\/div>\n\t\t\t<\/div>\n\t\t<\/div>\n\t<\/div>\n\n<\/div>\n\n\n<div class=\"block-accordion-group\">\n\n\t<div class=\"accordion_item\" id=\"item-block_fc8bb214fe73eeaca0ee2bb91125aec2\">\n\t\t<h2 class=\"accordion_item-title\">\n\t\t\t<button aria-expanded=\"false\">\n\t\t\t\tWie h\u00e4ufig sind St\u00f6rungen der psychischen Gesundheit und des Drogenkonsums?\n\t\t\t\t<div class=\"indicator\">\n\t\t\t\t\t<svg viewbox=\"0 0 9 9\" aria-hidden=\"true\" focusable=\"false\">\n\t\t\t\t\t\t<rect class=\"vert\" height=\"9\" width=\"1\" y=\"0\" x=\"4\"\/>\n\t\t\t\t\t\t<rect height=\"1\" width=\"9\" y=\"4\" x=\"0\"\/>\n\t\t\t\t\t<\/svg>\n\t\t\t\t<\/div>\n\t\t\t<\/button>\n\t\t<\/h2>\n\t\t<div class=\"accordion_item-content\" hidden>\n\t\t\t<div>\n\t\t\t\t<div class=\"gutenberg\">\n\t\t\t\t\t\n\n<p>1 von 5 Erwachsenen in den USA lebt mit einer psychischen Erkrankung. Etwa 1 von 8 North Carolinians im Alter von 12 Jahren und \u00e4lter leidet an einer Substanzkonsumst\u00f6rung.<\/p>\n\n\t\t\t\t<\/div>\n\t\t\t<\/div>\n\t\t<\/div>\n\t<\/div>\n\n<\/div>\n\n\n<div class=\"block-accordion-group\">\n\n\t<div class=\"accordion_item\" id=\"item-block_2d75ced08337359866023917a8aa3bcc\">\n\t\t<h2 class=\"accordion_item-title\">\n\t\t\t<button aria-expanded=\"false\">\n\t\t\t\tWas sind die Ursachen f\u00fcr psychische St\u00f6rungen und Drogenkonsum?\n\t\t\t\t<div class=\"indicator\">\n\t\t\t\t\t<svg viewbox=\"0 0 9 9\" aria-hidden=\"true\" focusable=\"false\">\n\t\t\t\t\t\t<rect class=\"vert\" height=\"9\" width=\"1\" y=\"0\" x=\"4\"\/>\n\t\t\t\t\t\t<rect height=\"1\" width=\"9\" y=\"4\" x=\"0\"\/>\n\t\t\t\t\t<\/svg>\n\t\t\t\t<\/div>\n\t\t\t<\/button>\n\t\t<\/h2>\n\t\t<div class=\"accordion_item-content\" hidden>\n\t\t\t<div>\n\t\t\t\t<div class=\"gutenberg\">\n\t\t\t\t\t\n\n<p>Diese St\u00f6rungen k\u00f6nnen durch eine Mischung aus biologischen, umweltbedingten und allt\u00e4glichen Faktoren verursacht werden. Es gibt nicht eine einzige Ursache f\u00fcr alle.<\/p>\n\n\t\t\t\t<\/div>\n\t\t\t<\/div>\n\t\t<\/div>\n\t<\/div>\n\n<\/div>\n\n\n<div class=\"block-accordion-group\">\n\n\t<div class=\"accordion_item\" id=\"item-block_f35cb1c794f0ce6993c50fae1b51b69a\">\n\t\t<h2 class=\"accordion_item-title\">\n\t\t\t<button aria-expanded=\"false\">\n\t\t\t\tWer kann betroffen sein?\n\t\t\t\t<div class=\"indicator\">\n\t\t\t\t\t<svg viewbox=\"0 0 9 9\" aria-hidden=\"true\" focusable=\"false\">\n\t\t\t\t\t\t<rect class=\"vert\" height=\"9\" width=\"1\" y=\"0\" x=\"4\"\/>\n\t\t\t\t\t\t<rect height=\"1\" width=\"9\" y=\"4\" x=\"0\"\/>\n\t\t\t\t\t<\/svg>\n\t\t\t\t<\/div>\n\t\t\t<\/button>\n\t\t<\/h2>\n\t\t<div class=\"accordion_item-content\" hidden>\n\t\t\t<div>\n\t\t\t\t<div class=\"gutenberg\">\n\t\t\t\t\t\n\n<p>Jeder, unabh\u00e4ngig von Alter, Herkunft oder Einkommen, kann selbst von diesen St\u00f6rungen betroffen sein oder jemanden unterst\u00fctzen, der sie hat.<\/p>\n\n\t\t\t\t<\/div>\n\t\t\t<\/div>\n\t\t<\/div>\n\t<\/div>\n\n<\/div>\n\n\n<div class=\"block-accordion-group\">\n\n\t<div class=\"accordion_item\" id=\"item-block_476c05bb655c84cb5aacee795e17a425\">\n\t\t<h2 class=\"accordion_item-title\">\n\t\t\t<button aria-expanded=\"false\">\n\t\t\t\tKann eine Behandlung wirklich helfen?\n\t\t\t\t<div class=\"indicator\">\n\t\t\t\t\t<svg viewbox=\"0 0 9 9\" aria-hidden=\"true\" focusable=\"false\">\n\t\t\t\t\t\t<rect class=\"vert\" height=\"9\" width=\"1\" y=\"0\" x=\"4\"\/>\n\t\t\t\t\t\t<rect height=\"1\" width=\"9\" y=\"4\" x=\"0\"\/>\n\t\t\t\t\t<\/svg>\n\t\t\t\t<\/div>\n\t\t\t<\/button>\n\t\t<\/h2>\n\t\t<div class=\"accordion_item-content\" hidden>\n\t\t\t<div>\n\t\t\t\t<div class=\"gutenberg\">\n\t\t\t\t\t\n\n<p>Das stimmt. Mit der richtigen Unterst\u00fctzung tritt bei etwa 70% der Menschen innerhalb eines Jahres nach Beginn der Behandlung einer Substanzkonsumst\u00f6rung eine Besserung ein, und 70% bis 90% derjenigen, die eine personalisierte psychische Betreuung erhalten, berichten \u00fcber einen R\u00fcckgang der Symptome.<\/p>\n\n\t\t\t\t<\/div>\n\t\t\t<\/div>\n\t\t<\/div>\n\t<\/div>\n\n<\/div>\n\n\n<div class=\"block-accordion-group\">\n\n\t<div class=\"accordion_item\" id=\"item-block_6ace7e4195991324422c3d360c32071e\">\n\t\t<h2 class=\"accordion_item-title\">\n\t\t\t<button aria-expanded=\"false\">\n\t\t\t\tWas ist, wenn ich glaube, dass ein geliebter Mensch Hilfe braucht?\n\t\t\t\t<div class=\"indicator\">\n\t\t\t\t\t<svg viewbox=\"0 0 9 9\" aria-hidden=\"true\" focusable=\"false\">\n\t\t\t\t\t\t<rect class=\"vert\" height=\"9\" width=\"1\" y=\"0\" x=\"4\"\/>\n\t\t\t\t\t\t<rect height=\"1\" width=\"9\" y=\"4\" x=\"0\"\/>\n\t\t\t\t\t<\/svg>\n\t\t\t\t<\/div>\n\t\t\t<\/button>\n\t\t<\/h2>\n\t\t<div class=\"accordion_item-content\" hidden>\n\t\t\t<div>\n\t\t\t\t<div class=\"gutenberg\">\n\t\t\t\t\t\n\n<p>Warten Sie nicht. Nutzen Sie die Hilfe gleich hier <a href=\"https:\/\/helprightherenhc.org\/de\/fragebogen\/\" data-type=\"link\" data-id=\"https:\/\/helprightherenhc.org\/questionnaire\">Werkzeug zum Abgleich von Ressourcen<\/a> um vertrauensw\u00fcrdige Hilfe in New Hanover County zu finden.<\/p>\n\n\t\t\t\t<\/div>\n\t\t\t<\/div>\n\t\t<\/div>\n\t<\/div>\n\n<\/div>\n\n\n<div class=\"block-accordion-group\">\n\n\t<div class=\"accordion_item\" id=\"item-block_f899dd6f03a49ff688a00e4b393df518\">\n\t\t<h2 class=\"accordion_item-title\">\n\t\t\t<button aria-expanded=\"false\">\n\t\t\t\tWie kann ich einem Kind oder Teenager helfen, das sich schwer tut?\n\t\t\t\t<div class=\"indicator\">\n\t\t\t\t\t<svg viewbox=\"0 0 9 9\" aria-hidden=\"true\" focusable=\"false\">\n\t\t\t\t\t\t<rect class=\"vert\" height=\"9\" width=\"1\" y=\"0\" x=\"4\"\/>\n\t\t\t\t\t\t<rect height=\"1\" width=\"9\" y=\"4\" x=\"0\"\/>\n\t\t\t\t\t<\/svg>\n\t\t\t\t<\/div>\n\t\t\t<\/button>\n\t\t<\/h2>\n\t\t<div class=\"accordion_item-content\" hidden>\n\t\t\t<div>\n\t\t\t\t<div class=\"gutenberg\">\n\t\t\t\t\t\n\n<p>Wenn Sie Eltern, Trainer, Lehrer oder Mentoren sind, hilft Ihre Unterst\u00fctzung Kindern und Jugendlichen, sich gesehen, geh\u00f6rt und umsorgt zu f\u00fchlen, und das kann die Br\u00fccke sein, die sie mit der Hilfe verbindet, die sie brauchen. Suchen Sie genau hier nach Hilfe <a href=\"https:\/\/helprightherenhc.org\/de\/ressourcenportal\/\">Ressourcen<\/a> speziell f\u00fcr Kinder und Jugendliche.<\/p>\n\n\t\t\t\t<\/div>\n\t\t\t<\/div>\n\t\t<\/div>\n\t<\/div>\n\n<\/div>\n\n\n<div class=\"block-accordion-group\">\n\n\t<div class=\"accordion_item\" id=\"item-block_ac3cfca2b381d4c5870013db062626b5\">\n\t\t<h2 class=\"accordion_item-title\">\n\t\t\t<button aria-expanded=\"false\">\n\t\t\t\tWoher wei\u00df ich, ob ich mir selbst helfen lassen sollte?\n\t\t\t\t<div class=\"indicator\">\n\t\t\t\t\t<svg viewbox=\"0 0 9 9\" aria-hidden=\"true\" focusable=\"false\">\n\t\t\t\t\t\t<rect class=\"vert\" height=\"9\" width=\"1\" y=\"0\" x=\"4\"\/>\n\t\t\t\t\t\t<rect height=\"1\" width=\"9\" y=\"4\" x=\"0\"\/>\n\t\t\t\t\t<\/svg>\n\t\t\t\t<\/div>\n\t\t\t<\/button>\n\t\t<\/h2>\n\t\t<div class=\"accordion_item-content\" hidden>\n\t\t\t<div>\n\t\t\t\t<div class=\"gutenberg\">\n\t\t\t\t\t\n\n<p>Wenn Sie Probleme mit dem Drogenkonsum haben, sich \u00fcberfordert f\u00fchlen, Schwierigkeiten haben, damit umzugehen, oder sich nicht wie Sie selbst f\u00fchlen, ist es der erste und wichtigste Schritt, Hilfe zu suchen.<\/p>\n\n\t\t\t\t<\/div>\n\t\t\t<\/div>\n\t\t<\/div>\n\t<\/div>\n\n<\/div>\n\n\n<div class=\"block-accordion-group\">\n\n\t<div class=\"accordion_item\" id=\"item-block_868dad5c1d6cf48a043349f6cd6526c5\">\n\t\t<h2 class=\"accordion_item-title\">\n\t\t\t<button aria-expanded=\"false\">\n\t\t\t\tIst es normal, Angst zu haben oder sich zu sch\u00e4men, um Hilfe zu bitten?\n\t\t\t\t<div class=\"indicator\">\n\t\t\t\t\t<svg viewbox=\"0 0 9 9\" aria-hidden=\"true\" focusable=\"false\">\n\t\t\t\t\t\t<rect class=\"vert\" height=\"9\" width=\"1\" y=\"0\" x=\"4\"\/>\n\t\t\t\t\t\t<rect height=\"1\" width=\"9\" y=\"4\" x=\"0\"\/>\n\t\t\t\t\t<\/svg>\n\t\t\t\t<\/div>\n\t\t\t<\/button>\n\t\t<\/h2>\n\t\t<div class=\"accordion_item-content\" hidden>\n\t\t\t<div>\n\t\t\t\t<div class=\"gutenberg\">\n\t\t\t\t\t\n\n<p>Ja, und Sie sind nicht allein. Vielen Menschen geht es so, aber es ist keine Schande, sich Unterst\u00fctzung zu suchen. Sich zu melden ist der wichtigste Schritt auf dem Weg zur Besserung.<\/p>\n\n\t\t\t\t<\/div>\n\t\t\t<\/div>\n\t\t<\/div>\n\t<\/div>\n\n<\/div>\n\n\n<div class=\"block-accordion-group\">\n\n\t<div class=\"accordion_item\" id=\"item-block_fdce84e29db06af37f8072f1052624dc\">\n\t\t<h2 class=\"accordion_item-title\">\n\t\t\t<button aria-expanded=\"false\">\n\t\t\t\tWelche Ressourcen sind verf\u00fcgbar?\n\t\t\t\t<div class=\"indicator\">\n\t\t\t\t\t<svg viewbox=\"0 0 9 9\" aria-hidden=\"true\" focusable=\"false\">\n\t\t\t\t\t\t<rect class=\"vert\" height=\"9\" width=\"1\" y=\"0\" x=\"4\"\/>\n\t\t\t\t\t\t<rect height=\"1\" width=\"9\" y=\"4\" x=\"0\"\/>\n\t\t\t\t\t<\/svg>\n\t\t\t\t<\/div>\n\t\t\t<\/button>\n\t\t<\/h2>\n\t\t<div class=\"accordion_item-content\" hidden>\n\t\t\t<div>\n\t\t\t\t<div class=\"gutenberg\">\n\t\t\t\t\t\n\n<p>In ganz New Hanover County gibt es mehr als 80 Programme, Anbieter und kommunale Partner, die Ihnen bei psychischen Problemen, Drogenkonsum und allt\u00e4glichen Herausforderungen helfen. Finden Sie das f\u00fcr Sie passende Angebot mit unserer <a href=\"\/de\/assessment\/\">Werkzeug zum Abgleich von Ressourcen<\/a>.<\/p>\n\n\t\t\t\t<\/div>\n\t\t\t<\/div>\n\t\t<\/div>\n\t<\/div>\n\n<\/div>\n\n\n<div class=\"block-accordion-group\">\n\n\t<div class=\"accordion_item\" id=\"item-block_79e94d618b77df59f96cd60250bc17f7\">\n\t\t<h2 class=\"accordion_item-title\">\n\t\t\t<button aria-expanded=\"false\">\n\t\t\t\tWie sieht die Behandlung aus?\n\t\t\t\t<div class=\"indicator\">\n\t\t\t\t\t<svg viewbox=\"0 0 9 9\" aria-hidden=\"true\" focusable=\"false\">\n\t\t\t\t\t\t<rect class=\"vert\" height=\"9\" width=\"1\" y=\"0\" x=\"4\"\/>\n\t\t\t\t\t\t<rect height=\"1\" width=\"9\" y=\"4\" x=\"0\"\/>\n\t\t\t\t\t<\/svg>\n\t\t\t\t<\/div>\n\t\t\t<\/button>\n\t\t<\/h2>\n\t\t<div class=\"accordion_item-content\" hidden>\n\t\t\t<div>\n\t\t\t\t<div class=\"gutenberg\">\n\t\t\t\t\t\n\n<p>Die Behandlung ist unterschiedlich, kann aber Therapie, Medikamente, Unterst\u00fctzung durch Gleichaltrige oder eine Kombination von speziell auf Sie zugeschnittenen Leistungen umfassen.<\/p>\n\n\t\t\t\t<\/div>\n\t\t\t<\/div>\n\t\t<\/div>\n\t<\/div>\n\n<\/div>\n\n\n<div class=\"block-accordion-group\">\n\n\t<div class=\"accordion_item\" id=\"item-block_337fea64e7c46fabf422890ced1d04a3\">\n\t\t<h2 class=\"accordion_item-title\">\n\t\t\t<button aria-expanded=\"false\">\n\t\t\t\tWas ist, wenn ich nicht versichert bin und es mir nicht leisten kann, Hilfe zu bekommen?\n\t\t\t\t<div class=\"indicator\">\n\t\t\t\t\t<svg viewbox=\"0 0 9 9\" aria-hidden=\"true\" focusable=\"false\">\n\t\t\t\t\t\t<rect class=\"vert\" height=\"9\" width=\"1\" y=\"0\" x=\"4\"\/>\n\t\t\t\t\t\t<rect height=\"1\" width=\"9\" y=\"4\" x=\"0\"\/>\n\t\t\t\t\t<\/svg>\n\t\t\t\t<\/div>\n\t\t\t<\/button>\n\t\t<\/h2>\n\t\t<div class=\"accordion_item-content\" hidden>\n\t\t\t<div>\n\t\t\t\t<div class=\"gutenberg\">\n\t\t\t\t\t\n\n<p>New Hanover County bietet viele M\u00f6glichkeiten f\u00fcr Menschen, die keine Versicherung haben oder finanzielle Hilfe ben\u00f6tigen. Unser <a href=\"\/de\/assessment\/\">Werkzeug zum Abgleich von Ressourcen <\/a>kann Sie zu einer erschwinglichen Versorgung f\u00fchren.<\/p>\n\n\t\t\t\t<\/div>\n\t\t\t<\/div>\n\t\t<\/div>\n\t<\/div>\n\n<\/div>\n\n\n<div class=\"block-accordion-group\">\n\n\t<div class=\"accordion_item\" id=\"item-block_b3c9c6e167a7df5575c8a137d1c1360a\">\n\t\t<h2 class=\"accordion_item-title\">\n\t\t\t<button aria-expanded=\"false\">\n\t\t\t\tWas ist, wenn Dinge wie Wohnen, Essen oder Transport der Pflege im Wege stehen?\n\t\t\t\t<div class=\"indicator\">\n\t\t\t\t\t<svg viewbox=\"0 0 9 9\" aria-hidden=\"true\" focusable=\"false\">\n\t\t\t\t\t\t<rect class=\"vert\" height=\"9\" width=\"1\" y=\"0\" x=\"4\"\/>\n\t\t\t\t\t\t<rect height=\"1\" width=\"9\" y=\"4\" x=\"0\"\/>\n\t\t\t\t\t<\/svg>\n\t\t\t\t<\/div>\n\t\t\t<\/button>\n\t\t<\/h2>\n\t\t<div class=\"accordion_item-content\" hidden>\n\t\t\t<div>\n\t\t\t\t<div class=\"gutenberg\">\n\t\t\t\t\t\n\n<p>Help Right Here kann Sie mit Ressourcen in Verbindung bringen, die bei der Deckung grundlegender Bed\u00fcrfnisse wie Nahrung, Unterkunft und Transport helfen, damit Sie sich auf die Hilfe konzentrieren k\u00f6nnen, die Sie brauchen.<\/p>\n\n\t\t\t\t<\/div>\n\t\t\t<\/div>\n\t\t<\/div>\n\t<\/div>\n\n<\/div>\n\n\n<div class=\"block-accordion-group\">\n\n\t<div class=\"accordion_item\" id=\"item-block_9dabd622129439f037c85da9875b300b\">\n\t\t<h2 class=\"accordion_item-title\">\n\t\t\t<button aria-expanded=\"false\">\n\t\t\t\tWas ist, wenn ich keine Zeit habe, mir Hilfe zu holen?\n\t\t\t\t<div class=\"indicator\">\n\t\t\t\t\t<svg viewbox=\"0 0 9 9\" aria-hidden=\"true\" focusable=\"false\">\n\t\t\t\t\t\t<rect class=\"vert\" height=\"9\" width=\"1\" y=\"0\" x=\"4\"\/>\n\t\t\t\t\t\t<rect height=\"1\" width=\"9\" y=\"4\" x=\"0\"\/>\n\t\t\t\t\t<\/svg>\n\t\t\t\t<\/div>\n\t\t\t<\/button>\n\t\t<\/h2>\n\t\t<div class=\"accordion_item-content\" hidden>\n\t\t\t<div>\n\t\t\t\t<div class=\"gutenberg\">\n\t\t\t\t\t\n\n<p>Help Right Here kann Sie mit Anbietern in Verbindung bringen, die \u00fcber flexible Zeitpl\u00e4ne verf\u00fcgen, so dass Sie eine Behandlung erhalten k\u00f6nnen, wenn Sie sie brauchen.<\/p>\n\n\t\t\t\t<\/div>\n\t\t\t<\/div>\n\t\t<\/div>\n\t<\/div>\n\n<\/div>\n\n\n<div class=\"block-accordion-group\">\n\n\t<div class=\"accordion_item\" id=\"item-block_385d77a75bacd9add276fc18ba6bf152\">\n\t\t<h2 class=\"accordion_item-title\">\n\t\t\t<button aria-expanded=\"false\">\n\t\t\t\tWas sollte ich in einer Krise der psychischen Gesundheit oder des Drogenkonsums tun?\n\t\t\t\t<div class=\"indicator\">\n\t\t\t\t\t<svg viewbox=\"0 0 9 9\" aria-hidden=\"true\" focusable=\"false\">\n\t\t\t\t\t\t<rect class=\"vert\" height=\"9\" width=\"1\" y=\"0\" x=\"4\"\/>\n\t\t\t\t\t\t<rect height=\"1\" width=\"9\" y=\"4\" x=\"0\"\/>\n\t\t\t\t\t<\/svg>\n\t\t\t\t<\/div>\n\t\t\t<\/button>\n\t\t<\/h2>\n\t\t<div class=\"accordion_item-content\" hidden>\n\t\t\t<div>\n\t\t\t\t<div class=\"gutenberg\">\n\t\t\t\t\t\n\n<p>Wenn Sie oder jemand, den Sie kennen, eine psychische Krise oder eine Krise im Zusammenhang mit Drogenkonsum erlebt, rufen Sie die 988 - Suicide &amp; Crisis Lifeline - an oder schicken Sie eine SMS, um rund um die Uhr kostenlose und vertrauliche Unterst\u00fctzung zu erhalten. Sie k\u00f6nnen auch unser <a href=\"https:\/\/helprightherenhc.org\/de\/fragebogen\/\">Werkzeug zum Abgleich von Ressourcen<\/a> um lokale Krisendienste in New Hanover County zu finden.<\/p>\n\n\t\t\t\t<\/div>\n\t\t\t<\/div>\n\t\t<\/div>\n\t<\/div>\n\n<\/div>\n\n\n<div class=\"block-accordion-group\">\n\n\t<div class=\"accordion_item\" id=\"item-block_2af9d97a59d01e1655ae2f19709ebcc5\">\n\t\t<h2 class=\"accordion_item-title\">\n\t\t\t<button aria-expanded=\"false\">\n\t\t\t\tWie setzt sich Help Right Here daf\u00fcr ein, den Zugang zu Diensten f\u00fcr psychische Gesundheit und Drogenkonsum zu verbessern?\n\t\t\t\t<div class=\"indicator\">\n\t\t\t\t\t<svg viewbox=\"0 0 9 9\" aria-hidden=\"true\" focusable=\"false\">\n\t\t\t\t\t\t<rect class=\"vert\" height=\"9\" width=\"1\" y=\"0\" x=\"4\"\/>\n\t\t\t\t\t\t<rect height=\"1\" width=\"9\" y=\"4\" x=\"0\"\/>\n\t\t\t\t\t<\/svg>\n\t\t\t\t<\/div>\n\t\t\t<\/button>\n\t\t<\/h2>\n\t\t<div class=\"accordion_item-content\" hidden>\n\t\t\t<div>\n\t\t\t\t<div class=\"gutenberg\">\n\t\t\t\t\t\n\n<p>Help Right Here verwendet die nationalen Opioid-Settlement-Gelder, um die lokale Versorgung zu erweitern, die Stigmatisierung zu verringern und ein vertrauensw\u00fcrdiges Netzwerk von mehr als 80 Partnern aufzubauen, die sich daf\u00fcr einsetzen, dass Menschen unabh\u00e4ngig von ihrer individuellen Situation wieder gesund werden. <a href=\"\/de\/uber\/\">Mehr erfahren<\/a>.<\/p>\n\n\t\t\t\t<\/div>\n\t\t\t<\/div>\n\t\t<\/div>\n\t<\/div>\n\n<\/div>\n\n<\/div>\n\t\t\t<\/div>\n\n\t\t\t\t\n\t<\/div>","protected":false},"excerpt":{"rendered":"","protected":false},"author":1,"featured_media":0,"parent":0,"menu_order":0,"comment_status":"closed","ping_status":"closed","template":"","meta":{"_acf_changed":false,"footnotes":""},"class_list":["post-826","page","type-page","status-publish","hentry"],"acf":[],"_links":{"self":[{"href":"https:\/\/helprightherenhc.org\/de\/wp-json\/wp\/v2\/pages\/826","targetHints":{"allow":["GET"]}}],"collection":[{"href":"https:\/\/helprightherenhc.org\/de\/wp-json\/wp\/v2\/pages"}],"about":[{"href":"https:\/\/helprightherenhc.org\/de\/wp-json\/wp\/v2\/types\/page"}],"author":[{"embeddable":true,"href":"https:\/\/helprightherenhc.org\/de\/wp-json\/wp\/v2\/users\/1"}],"replies":[{"embeddable":true,"href":"https:\/\/helprightherenhc.org\/de\/wp-json\/wp\/v2\/comments?post=826"}],"version-history":[{"count":20,"href":"https:\/\/helprightherenhc.org\/de\/wp-json\/wp\/v2\/pages\/826\/revisions"}],"predecessor-version":[{"id":1374,"href":"https:\/\/helprightherenhc.org\/de\/wp-json\/wp\/v2\/pages\/826\/revisions\/1374"}],"wp:attachment":[{"href":"https:\/\/helprightherenhc.org\/de\/wp-json\/wp\/v2\/media?parent=826"}],"curies":[{"name":"wp","href":"https:\/\/api.w.org\/{rel}","templated":true}]}}