{"id":587,"date":"2025-06-20T13:19:55","date_gmt":"2025-06-20T13:19:55","guid":{"rendered":"https:\/\/eric-nhmh.dev.nmcteam.com\/?page_id=587"},"modified":"2025-10-14T17:55:34","modified_gmt":"2025-10-14T17:55:34","slug":"uber","status":"publish","type":"page","link":"https:\/\/helprightherenhc.org\/de\/about","title":{"rendered":"\u00dcber"},"content":{"rendered":"<div id=\"block_a4099ffd7eec00d2a8c0a131754cb37d\" class=\"nmc-block nmc-block--masthead-basic block-container alignfull\">\n\t\n\t\t\n\t\t\t<div class=\"blockbody\">\n\t\t\t\t\n\t<div class=\"spotlight-bg\">\n\t\t<img fetchpriority=\"high\" decoding=\"async\" src=\"https:\/\/e1.nmcdn.io\/assets\/nhmh\/wp-content\/themes\/nmc_nhmh\/assets\/masthead-spotlight.svg\" width=\"1440\" height=\"822\" alt=\"Spotlight-Hintergrundgrafik\" loading=\"eager\">\n\t<\/div>\n\n<div class=\"bound boundwider\">\n\t<div class=\"masthead-content -center\">\n\t\t\t\t<h1 class=\"page-title\"><strong>Hilfe<\/strong>, <strong>Hoffnung<\/strong>und <strong>Heilung<\/strong>Genau hier in New Hanover County<\/h1>\n\t\t<div class=\"page-intro\"><p class=\"p2\">Probleme mit der psychischen Gesundheit und dem Drogenkonsum pr\u00e4gen das Leben in unserer Gemeinschaft. Fast jeder kennt jemanden, der damit zu k\u00e4mpfen hat - oder hat selbst damit zu k\u00e4mpfen. Doch Hilfe zu bekommen, kann sich verwirrend, \u00fcberw\u00e4ltigend oder unerreichbar anf\u00fchlen. Help Right Here setzt sich daf\u00fcr ein, dies zu \u00e4ndern.<\/p>\n<p class=\"p2\">Indem wir die Gemeinschaft von New Hanover County mit einem vertrauensw\u00fcrdigen Netzwerk von mehr als 65 lokalen Pflegeanbietern und Gemeinschaftspartnern verbinden, stellen wir sicher, dass Hilfe f\u00fcr psychische Gesundheit und Drogenkonsumst\u00f6rungen einfach zu finden, leicht zu verstehen und ma\u00dfgeschneidert ist, um nachhaltige Gesundheit und Wohlbefinden zu unterst\u00fctzen.<\/p>\n<\/div>\t\t\n\n\t\t\t\t\t<div class=\"anchors\">\n\t\t\t\t\t\t\t\t\t<a href=\"#mission-vision\" class=\"anchor btn -text\">\u00dcber Hilfe gleich hier <svg xmlns=\"http:\/\/www.w3.org\/2000\/svg\" width=\"21\" height=\"20\" viewbox=\"0 0 21 20\" fill=\"none\" role=\"img\" aria-hidden=\"true\" focusable=\"false\"><mask id=\"a\" style=\"mask-type:alpha\" maskunits=\"userSpaceOnUse\" x=\"0\" y=\"0\" width=\"21\" height=\"20\"><path transform=\"rotate(90 20.5 0)\" fill=\"#007AA3\" d=\"M20.5 0h20v20h-20z\"\/><\/mask><g mask=\"url(#a)\"><path d=\"M3.833 4.167h10v9.312l2.98-3L18 11.667l-5 5-5.02-5.021 1.187-1.167 3 3V5.833H3.833V4.167Z\" fill=\"#002E3D\"\/><\/g><\/svg><\/a>\n\t\t\t\t\t\t\t\t\t<a href=\"#why\" class=\"anchor btn -text\">Warum das wichtig ist <svg xmlns=\"http:\/\/www.w3.org\/2000\/svg\" width=\"21\" height=\"20\" viewbox=\"0 0 21 20\" fill=\"none\" role=\"img\" aria-hidden=\"true\" focusable=\"false\"><mask id=\"a\" style=\"mask-type:alpha\" maskunits=\"userSpaceOnUse\" x=\"0\" y=\"0\" width=\"21\" height=\"20\"><path transform=\"rotate(90 20.5 0)\" fill=\"#007AA3\" d=\"M20.5 0h20v20h-20z\"\/><\/mask><g mask=\"url(#a)\"><path d=\"M3.833 4.167h10v9.312l2.98-3L18 11.667l-5 5-5.02-5.021 1.187-1.167 3 3V5.833H3.833V4.167Z\" fill=\"#002E3D\"\/><\/g><\/svg><\/a>\n\t\t\t\t\t\t\t\t\t<a href=\"#started\" class=\"anchor btn -text\">Wie es anfing <svg xmlns=\"http:\/\/www.w3.org\/2000\/svg\" width=\"21\" height=\"20\" viewbox=\"0 0 21 20\" fill=\"none\" role=\"img\" aria-hidden=\"true\" focusable=\"false\"><mask id=\"a\" style=\"mask-type:alpha\" maskunits=\"userSpaceOnUse\" x=\"0\" y=\"0\" width=\"21\" height=\"20\"><path transform=\"rotate(90 20.5 0)\" fill=\"#007AA3\" d=\"M20.5 0h20v20h-20z\"\/><\/mask><g mask=\"url(#a)\"><path d=\"M3.833 4.167h10v9.312l2.98-3L18 11.667l-5 5-5.02-5.021 1.187-1.167 3 3V5.833H3.833V4.167Z\" fill=\"#002E3D\"\/><\/g><\/svg><\/a>\n\t\t\t\t\t\t\t<\/div>\n\t\t\t<\/div>\n<\/div>\n\n\t\t\t<\/div>\n\n\t\t\t\t\n\t<\/div>\n\n\n\n\n\n\t\n\n\t\t\t\t\t\t\t\n\t\n<div id=\"mission-vision\" class=\"nmc-block nmc-block--split block-container alignwide  -align-center\">\n\t\n\t\t\n\t\t\t<div class=\"blockbody\">\n\t\t\t\t\t\n\n<div class=\"split-half\">\n\t<div class=\"split-half-content\">\n\t\t\n\n<div class=\"split-half-image\">\n\n\n\t\n<picture>\n\t<source media=\"(max-width: 400px)\" srcset=\"https:\/\/e1.nmcdn.io\/assets\/nhmh\/wp-content\/uploads\/2025\/07\/iStock-1151304094-540x303.webp\">\n\t<img decoding=\"async\" loading=\"lazy\" style=\"aspect-ratio: 1;\" src=\"https:\/\/e1.nmcdn.io\/assets\/nhmh\/wp-content\/uploads\/2025\/07\/iStock-1151304094-900x506.webp\" width=\"900\" height=\"506\" alt=\"\">\n<\/picture>\n<\/div>\n\n\t<\/div>\n<\/div>\n\n\n<div class=\"split-half\">\n\t<div class=\"split-half-content\">\n\t\t\n\n<h2 class=\"wp-block-heading\"><strong>\u00dcBER<\/strong> Hilfe Genau hier<\/h2>\n\n\n\n<p>Help Right Here bringt Menschen mit lokaler Hilfe zusammen, die wirklich funktioniert.<\/p>\n\n\n\n<p><\/p>\n\n\n\n<p>Der Schwerpunkt liegt auf:<\/p>\n\n\n\n<ul class=\"wp-block-list\">\n<li>Vereinfachung des Zugangs zur Pflege. <\/li>\n\n\n\n<li>Aufkl\u00e4rung und Bef\u00e4higung unserer Gemeinschaft. <\/li>\n\n\n\n<li>Langfristige Unterst\u00fctzung der Erholung. <\/li>\n<\/ul>\n\n\t<\/div>\n<\/div>\n\n\t\t\t<\/div>\n\n\t\t\t\t\n\t<\/div>\n\n\n\n\t\n\n\t\t\t\t\t\t\t\n\n<div id=\"why\" class=\"nmc-block nmc-block--impact block-container alignfull\">\n\t\n\t\t\n\t\t\t<div class=\"blockbody\">\n\t\t\t\t\t<div class=\"bound boundwider\">\n\n\n\t\t<div class=\"block-intro\">\n\t\t\t<h2 class=\"block-title\">Warum diese <strong>Angelegenheiten<\/strong><\/h2>\n\t\t\t\t\t\t\t<p class=\"p1\">Die Krise der psychischen Gesundheit und des Drogenkonsums betrifft jeden Teil unseres Landes, und New Hanover County ist keine Ausnahme. Der Bedarf ist real, dringend und nahe an der Heimat:<\/p>\n\n\t\t\t\t\t<\/div>\n\n\t\t<div class=\"impact-wrap\">\n\t\t\t\t\t\t\t<div class=\"impact-stat-partial\">\n\t\t\t\t\t<div class=\"content\">\n\t\t\t\t\t\t<h2 class=\"item-title\">Vereinfachung des Zugangs zur Pflege<\/h2>\n\t\t\t\t\t\t<div class=\"item-intro\">Help Right Here verbindet die Gemeinschaft von New Hanover County mit Ressourcen und baut Hindernisse f\u00fcr die Versorgung ab, damit mehr Menschen die richtige Hilfe bekommen, wann und wo sie sie brauchen. Und wenn Herausforderungen wie Essen, Wohnen oder Finanzen im Weg stehen, finden Sie auch daf\u00fcr Ressourcen.  <\/div>\n\t\t\t\t\t<\/div>\n\t\t\t\t\t<div class=\"stat-wrap\">\n\t\t\t\t\t\t<h2 class=\"stat\">1 von 5<\/h2>\n\t\t\t\t\t\t<div class=\"stat-description\">Erwachsene in den USA leben mit einer psychischen Erkrankung, aber weniger als die H\u00e4lfte von ihnen erh\u00e4lt die erforderliche Behandlung. (Quelle: National Alliance on Mental Illness)<\/div>\n\t\t\t\t\t<\/div>\n\t\t\t\t<\/div>\n\t\t\t\t\t\t\t<div class=\"impact-stat-partial\">\n\t\t\t\t\t<div class=\"content\">\n\t\t\t\t\t\t<h2 class=\"item-title\">Aufkl\u00e4rung und Bef\u00e4higung unserer Gemeinschaft<\/h2>\n\t\t\t\t\t\t<div class=\"item-intro\">Help Right Here bietet klare, einf\u00fchlsame Informationen \u00fcber psychische Probleme und Drogenkonsum: warum sie auftreten, wie Hilfe aussieht und wie man die richtige Unterst\u00fctzung findet.  <\/div>\n\t\t\t\t\t<\/div>\n\t\t\t\t\t<div class=\"stat-wrap\">\n\t\t\t\t\t\t<h2 class=\"stat\">1 von 8 <\/h2>\n\t\t\t\t\t\t<div class=\"stat-description\">In North Carolina leben Menschen im Alter von 12 Jahren und \u00e4lter mit einer Substanzkonsumst\u00f6rung - und die meisten werden nicht behandelt. (Quelle: SAMHSA)<\/div>\n\t\t\t\t\t<\/div>\n\t\t\t\t<\/div>\n\t\t\t\t\t\t\t<div class=\"impact-stat-partial\">\n\t\t\t\t\t<div class=\"content\">\n\t\t\t\t\t\t<h2 class=\"item-title\">Langfristige Unterst\u00fctzung der Erholung<\/h2>\n\t\t\t\t\t\t<div class=\"item-intro\">Help Right Here arbeitet mit lokalen Pflegeanbietern und kommunalen Partnern zusammen, um eine breite Palette von Dienstleistungen anzubieten, die jeden Menschen dort abholen, wo er sich auf seinem individuellen Weg befindet.  <\/div>\n\t\t\t\t\t<\/div>\n\t\t\t\t\t<div class=\"stat-wrap\">\n\t\t\t\t\t\t<h2 class=\"stat\">2. Hauptursache<\/h2>\n\t\t\t\t\t\t<div class=\"stat-description\">Selbstmord ist heute die zweith\u00e4ufigste Todesursache bei Jugendlichen zwischen 10 und 18 Jahren in North Carolina. (Quelle: NCDHHS)<\/div>\n\t\t\t\t\t<\/div>\n\t\t\t\t<\/div>\n\t\t\t\t\t\t\t<div class=\"impact-stat-partial\">\n\t\t\t\t\t<div class=\"content\">\n\t\t\t\t\t\t<h2 class=\"item-title\">Das sind nicht nur Zahlen<\/h2>\n\t\t\t\t\t\t<div class=\"item-intro\">Es sind unsere Nachbarn, Freunde und Bekannten, die Hilfe brauchen und diese allzu oft nicht erhalten. Help Right Here will das \u00e4ndern.<\/div>\n\t\t\t\t\t<\/div>\n\t\t\t\t\t<div class=\"stat-wrap\">\n\t\t\t\t\t\t<h2 class=\"stat\">71 Menschenleben verloren<\/h2>\n\t\t\t\t\t\t<div class=\"stat-description\">Im Jahr 2024 gab es in New Hanover County 71 opioidbedingte Todesf\u00e4lle und 425 nicht t\u00f6dliche \u00dcberdosierungen.<\/div>\n\t\t\t\t\t<\/div>\n\t\t\t\t<\/div>\n\t\t\t\t\t<\/div>\n\t\t\n\t<\/div>\n\t\t\t<\/div>\n\n\t\t\t\t\n\t<\/div>\n\n\n<h2 class=\"wp-block-heading\" id=\"started\">Wie diese <strong>gestartet<\/strong><\/h2>\n\n\n\n<p>Help Right Here ist das Ergebnis des Strategieplans f\u00fcr psychische Gesundheit und Drogenmissbrauch des Bezirks New Hanover County, der durch nationale Opioid-Vergleichsgelder unterst\u00fctzt und durch den Fonds f\u00fcr psychische Gesundheit und Drogenmissbrauch des Bezirks erg\u00e4nzt wird.&nbsp;<\/p>\n\n\n\n\n\n\t\t\t\t\n\n<div class=\"nmc-block nmc-block--buttons\" id=\"block_06a9b23a98627e25366370e83111904f\">\n\t<div class=\"blockbody\">\n\t\n\t\t\t\t\t\t\t\t\t\n\t\t\n\t\t\n<a href=\"https:\/\/www.nhcgov.com\/2477\/Mental-Health-Substance-Use-Disorder-Str]\" class=\"btn -blue\" target=\"_blank\">Mehr erfahren<\/a>\n\n\n\t\t<\/div>\n<\/div>","protected":false},"excerpt":{"rendered":"<p>How this started Help Right Here stems from New Hanover County\u2019s Mental Health and Substance Use Disorder Strategic Plan, supported by national opioid settlement funds supplemented by the county\u2019s Mental Health and Substance Use Disorder Fund.&nbsp;<\/p>","protected":false},"author":1,"featured_media":0,"parent":0,"menu_order":0,"comment_status":"closed","ping_status":"closed","template":"","meta":{"_acf_changed":false,"footnotes":""},"class_list":["post-587","page","type-page","status-publish","hentry"],"acf":[],"_links":{"self":[{"href":"https:\/\/helprightherenhc.org\/de\/wp-json\/wp\/v2\/pages\/587","targetHints":{"allow":["GET"]}}],"collection":[{"href":"https:\/\/helprightherenhc.org\/de\/wp-json\/wp\/v2\/pages"}],"about":[{"href":"https:\/\/helprightherenhc.org\/de\/wp-json\/wp\/v2\/types\/page"}],"author":[{"embeddable":true,"href":"https:\/\/helprightherenhc.org\/de\/wp-json\/wp\/v2\/users\/1"}],"replies":[{"embeddable":true,"href":"https:\/\/helprightherenhc.org\/de\/wp-json\/wp\/v2\/comments?post=587"}],"version-history":[{"count":52,"href":"https:\/\/helprightherenhc.org\/de\/wp-json\/wp\/v2\/pages\/587\/revisions"}],"predecessor-version":[{"id":1383,"href":"https:\/\/helprightherenhc.org\/de\/wp-json\/wp\/v2\/pages\/587\/revisions\/1383"}],"wp:attachment":[{"href":"https:\/\/helprightherenhc.org\/de\/wp-json\/wp\/v2\/media?parent=587"}],"curies":[{"name":"wp","href":"https:\/\/api.w.org\/{rel}","templated":true}]}}